{"id":20700,"date":"2025-01-16T12:55:41","date_gmt":"2025-01-16T11:55:41","guid":{"rendered":"https:\/\/aoperformance.se\/?post_type=product&#038;p=20700"},"modified":"2026-01-22T15:40:49","modified_gmt":"2026-01-22T14:40:49","slug":"arktis-cbd-freeze-roll-on","status":"publish","type":"product","link":"https:\/\/aoperformance.se\/en\/product\/arktis-cbd-freeze-roll-on\/?ref=249","title":{"rendered":"Arktis CBD Freeze Roll-On"},"content":{"rendered":"<p class=\"p1\">Arktis Naturals CBD Freeze Roll-On kombinerar v\u00e5r premium CBD-olja med en blandning av naturliga ingredienser och eteriska oljor. Den \u00e4r utformad f\u00f6r att lindra sm\u00e4rta, fr\u00e4mja avslappning och minska inflammation. Produkten \u00e4r perfekt att anv\u00e4nda p\u00e5 \u00f6mmande leder och sp\u00e4nda muskler, och hj\u00e4lper dig att \u00e5terh\u00e4mta dig och bibeh\u00e5lla en aktiv livsstil.<\/p>\n<ul>\n<li>Roll-on applikator f\u00f6r enkel anv\u00e4ndning<\/li>\n<li>Omedelbar kylande effekt<\/li>\n<li>100% naturlig, THC-fri, trippel labbtestad<strong><br \/>\n<\/strong><\/li>\n<\/ul>\n<p>Applicera roll-on direkt p\u00e5 det drabbade omr\u00e5det. Upprepa detta 1\u20133 g\u00e5nger per dag f\u00f6r b\u00e4sta resultat.<\/p>\n<p>Ingredienser:<\/p>\n<p class=\"p1\"><strong>Cannabidiol<\/strong>\u00a0\u2013 Visat sig hj\u00e4lpa till att lindra muskelv\u00e4rk och inflammation p\u00e5 grund av dess lugnande egenskaper.<\/p>\n<p class=\"p1\"><strong>Arnikaextrakt<\/strong>\u00a0\u2013 Fr\u00e4mjar snabb \u00e5terh\u00e4mtning vid bl\u00e5m\u00e4rken och \u00f6mma muskler genom sina naturliga antiinflammatoriska egenskaper.<\/p>\n<p class=\"p1\"><strong>Pepparmyntsolja<\/strong>\u00a0\u2013 Ger en kylande och uppfriskande k\u00e4nsla som lindrar sp\u00e4nningar och tr\u00f6tthet.<\/p>\n<p class=\"p1\"><strong>Eukalyptusolja<\/strong>\u00a0\u2013 St\u00f6djer avslappning och har en uppfriskande effekt som bidrar till \u00e5terh\u00e4mtning vid muskelv\u00e4rk.<\/p>\n<p>Simmondsia Chinensis Seed Oil, Arnica Montana Flower Extract, Helianthus Annuus Seed Oil, Cannabidiol, Hypericum Perforatum Oil, Olea Europaea Fruit Oil, Tocopherol, Squalane, Mentha Piperita Oil, Eucalyptus Radiata Leaf\/Stem Oil, Anthemis Nobilis Flower Oil<\/p>\n<p>V\u00e5ra produkter utnyttjar naturens kraft med ett starkt engagemang f\u00f6r h\u00e5llbarhet och etik. Vi skaffar v\u00e5ra ingredienser p\u00e5 ett etiskt och h\u00e5llbart s\u00e4tt, och v\u00e5r f\u00f6rpackning \u00e4r genomt\u00e4nkt designad f\u00f6r att minimera plast, vilket s\u00e4kerst\u00e4ller enkel \u00e5tervinning och minskar v\u00e5rt milj\u00f6avtryck.<\/p>","protected":false},"excerpt":{"rendered":"<h3>3000mg CBD, 30ml<\/h3>\n<p class=\"p1\">Arktis Naturals CBD Freeze Roll-On kombinerar v\u00e5r premium CBD-olja med en blandning av naturliga ingredienser och eteriska oljor. Den \u00e4r utformad f\u00f6r att lindra sm\u00e4rta, fr\u00e4mja avslappning och minska inflammation. Produkten \u00e4r perfekt att anv\u00e4nda p\u00e5 \u00f6mmande leder och sp\u00e4nda muskler, och hj\u00e4lper dig att \u00e5terh\u00e4mta dig och bibeh\u00e5lla en aktiv livsstil.<\/p>","protected":false},"featured_media":20701,"template":"","meta":{"_acf_changed":false},"product_brand":[],"product_cat":[236,208],"product_tag":[],"class_list":{"0":"post-20700","1":"product","2":"type-product","3":"status-publish","4":"has-post-thumbnail","6":"product_cat-arktis","7":"product_cat-favoriter","9":"first","10":"outofstock","11":"taxable","12":"shipping-taxable","13":"purchasable","14":"product-type-simple"},"acf":[],"_links":{"self":[{"href":"https:\/\/aoperformance.se\/en\/wp-json\/wp\/v2\/product\/20700","targetHints":{"allow":["GET"]}}],"collection":[{"href":"https:\/\/aoperformance.se\/en\/wp-json\/wp\/v2\/product"}],"about":[{"href":"https:\/\/aoperformance.se\/en\/wp-json\/wp\/v2\/types\/product"}],"wp:featuredmedia":[{"embeddable":true,"href":"https:\/\/aoperformance.se\/en\/wp-json\/wp\/v2\/media\/20701"}],"wp:attachment":[{"href":"https:\/\/aoperformance.se\/en\/wp-json\/wp\/v2\/media?parent=20700"}],"wp:term":[{"taxonomy":"product_brand","embeddable":true,"href":"https:\/\/aoperformance.se\/en\/wp-json\/wp\/v2\/product_brand?post=20700"},{"taxonomy":"product_cat","embeddable":true,"href":"https:\/\/aoperformance.se\/en\/wp-json\/wp\/v2\/product_cat?post=20700"},{"taxonomy":"product_tag","embeddable":true,"href":"https:\/\/aoperformance.se\/en\/wp-json\/wp\/v2\/product_tag?post=20700"}],"curies":[{"name":"wp","href":"https:\/\/api.w.org\/{rel}","templated":true}]}}