{"id":20695,"date":"2025-01-16T12:40:55","date_gmt":"2025-01-16T11:40:55","guid":{"rendered":"https:\/\/aoperformance.se\/?post_type=product&#038;p=20695"},"modified":"2026-01-22T15:40:49","modified_gmt":"2026-01-22T14:40:49","slug":"arktis-cbd-muskel-ledbalsam","status":"publish","type":"product","link":"https:\/\/aoperformance.se\/en\/product\/arktis-cbd-muskel-ledbalsam\/?ref=249","title":{"rendered":"Arktis CBD Muskel &#038; Ledbalsam"},"content":{"rendered":"<p>Arktis Naturals CBD Muskel &amp; Ledbalsam kombinerar CBD med en rad naturliga ingredienser och eteriska oljor som tros bidra till sm\u00e4rtlindring och avslappning. Utformad f\u00f6r att anv\u00e4ndas p\u00e5 \u00f6mmande leder och sp\u00e4nda muskler hj\u00e4lper denna balsam dig att \u00e5terh\u00e4mta dig och bibeh\u00e5lla en aktiv livsstil.<\/p>\n<ul>\n<li>CBD balsam f\u00f6r muskel- och ledlindring<\/li>\n<li>Blandat med botaniska \u00e4mnen och eteriska oljor<\/li>\n<li>100% naturlig, 0% THC, trippellabbtestad<\/li>\n<\/ul>\n<p>Massera in p\u00e5 \u00f6mma muskler och leder upp till 3 g\u00e5nger dagligen. Perfekt att anv\u00e4nda f\u00f6re och\/eller efter fysisk aktivitet.<\/p>\n<p>Cannabidiol, Theobroma Cacao Seed Extract, Caprylic\/Capric Triglyceride, Euphorbia Cerifera (Candelilla) Wax, Helichrysum Italicum Flower Oil, Lavandula Angustifolia (Lavender) Oil, Gaultheria Procumbens (Wintergreen) Leaf Oil, Mentha Piperita (Peppermint) Oil, Cymbopogon Citratus (Lemongrass) Oil<\/p>\n<p>V\u00e5ra produkter utnyttjar naturens kraft med ett starkt engagemang f\u00f6r h\u00e5llbarhet och etik. Vi skaffar v\u00e5ra ingredienser p\u00e5 ett etiskt och h\u00e5llbart s\u00e4tt, och v\u00e5r f\u00f6rpackning \u00e4r genomt\u00e4nkt designad f\u00f6r att minimera plast, vilket s\u00e4kerst\u00e4ller enkel \u00e5tervinning och minskar v\u00e5rt milj\u00f6avtryck.<\/p>","protected":false},"excerpt":{"rendered":"<h3>1000mg CBD, 30ml<\/h3>\n<p>Arktis Naturals CBD Muskel &amp; Ledbalsam kombinerar CBD med en rad naturliga ingredienser och eteriska oljor som tros bidra till sm\u00e4rtlindring och avslappning. Utformad f\u00f6r att anv\u00e4ndas p\u00e5 \u00f6mmande leder och sp\u00e4nda muskler hj\u00e4lper denna balsam dig att \u00e5terh\u00e4mta dig och bibeh\u00e5lla en aktiv livsstil.<\/p>","protected":false},"featured_media":20696,"template":"","meta":{"_acf_changed":false},"product_brand":[],"product_cat":[236,208],"product_tag":[],"class_list":{"0":"post-20695","1":"product","2":"type-product","3":"status-publish","4":"has-post-thumbnail","6":"product_cat-arktis","7":"product_cat-favoriter","9":"first","10":"outofstock","11":"taxable","12":"shipping-taxable","13":"purchasable","14":"product-type-simple"},"acf":[],"_links":{"self":[{"href":"https:\/\/aoperformance.se\/en\/wp-json\/wp\/v2\/product\/20695","targetHints":{"allow":["GET"]}}],"collection":[{"href":"https:\/\/aoperformance.se\/en\/wp-json\/wp\/v2\/product"}],"about":[{"href":"https:\/\/aoperformance.se\/en\/wp-json\/wp\/v2\/types\/product"}],"wp:featuredmedia":[{"embeddable":true,"href":"https:\/\/aoperformance.se\/en\/wp-json\/wp\/v2\/media\/20696"}],"wp:attachment":[{"href":"https:\/\/aoperformance.se\/en\/wp-json\/wp\/v2\/media?parent=20695"}],"wp:term":[{"taxonomy":"product_brand","embeddable":true,"href":"https:\/\/aoperformance.se\/en\/wp-json\/wp\/v2\/product_brand?post=20695"},{"taxonomy":"product_cat","embeddable":true,"href":"https:\/\/aoperformance.se\/en\/wp-json\/wp\/v2\/product_cat?post=20695"},{"taxonomy":"product_tag","embeddable":true,"href":"https:\/\/aoperformance.se\/en\/wp-json\/wp\/v2\/product_tag?post=20695"}],"curies":[{"name":"wp","href":"https:\/\/api.w.org\/{rel}","templated":true}]}}