{"id":20536,"date":"2024-10-30T10:39:01","date_gmt":"2024-10-30T09:39:01","guid":{"rendered":"https:\/\/aoperformance.se\/?post_type=product&#038;p=20536"},"modified":"2026-01-22T15:40:49","modified_gmt":"2026-01-22T14:40:49","slug":"kreatin-monohydrat-pureness-250g","status":"publish","type":"product","link":"https:\/\/aoperformance.se\/en\/product\/kreatin-monohydrat-pureness-250g\/","title":{"rendered":"Kreatin Monohydrat Pureness 250g"},"content":{"rendered":"<p>Uppgradera din tr\u00e4ningsprestation till en ny niv\u00e5!*<br \/>\n*Kreatin \u00f6kar den fysiska prestationen vid upprepad kraftanstr\u00e4ngning i samband med kortvarig och h\u00f6gintensiv tr\u00e4ning. Att ta kreatin dagligen kan st\u00f6dja effekterna av styrketr\u00e4ning.<\/p>\n<p>Creapure\u00ae anses vara ett av v\u00e4rldens renaste kreatin som tillverkas. Produktens renhet och s\u00e4kerhet s\u00e4kerst\u00e4lls i flera steg av produktionen. DCD- och DHT-f\u00f6roreningar som vanligtvis finns i kreatin har varit strikt kontrollerade. De b\u00e4sta f\u00f6rdelarna med kreatin uppn\u00e5s med kontinuerlig anv\u00e4ndning under n\u00e5gra veckor. Det finns ingen anledning att periodisera anv\u00e4ndningen av kreatin.<\/p>\n<p>Den gynnsamma effekten av kreatin uppn\u00e5s vid ett dagligt intag av 3 g kreatin. Produkten l\u00e4mpar sig f\u00f6r vuxna som ut\u00f6var h\u00f6gintensiv tr\u00e4ning.<\/p>\n<p>En portion \u00be tsk (3 g) &#8211;\u00a01 \u00bc tsk (5 g)<\/p>\n<table border=\"0\" cellspacing=\"1\" cellpadding=\"1\">\n<tbody>\n<tr>\n<td>\n<div class=\"col-6\"><strong>Daglig dos inneh\u00e5ller<\/strong><\/div>\n<\/td>\n<td>\n<div class=\"col-3 text-right\"><strong>\u00be tsk<\/strong><\/div>\n<\/td>\n<td>\n<div class=\"col-3 text-right\">\n<div class=\"col-3 text-right\"><strong>1 \u00bc tsk<\/strong><\/div>\n<\/div>\n<\/td>\n<\/tr>\n<tr>\n<td>\n<div class=\"col-6\">\n<div class=\"col-6\">\n<div class=\"col-6\">Kreatin<\/div>\n<\/div>\n<\/div>\n<\/td>\n<td>\n<div class=\"col-6\">3 g<\/div>\n<\/td>\n<td>\n<div class=\"col-3\">\n<div class=\"col-3\">5 g<\/div>\n<\/div>\n<\/td>\n<\/tr>\n<\/tbody>\n<\/table>\n<p>Kreatinmonohydrat (Creapure\u00ae)<\/p>\n<p><strong>SUPPLEMENTS<\/strong>\u00a0b\u00f6r inte anv\u00e4ndas som ett alternativ till en varierad kost.\u00a0Rekommenderat intag b\u00f6r ej \u00f6verskridas.\u00a0Det \u00e4r viktigt med en m\u00e5ngsidig, balanserad kost och en h\u00e4lsosam livsstil.<\/p>\n<p>&nbsp;<\/p>","protected":false},"excerpt":{"rendered":"<p>Kreatin Monohydrat Pureness 250g<\/p>\n<ul>\n<li>100 % rent kreatin (Creapure\u00ae)<\/li>\n<li>F\u00f6r att \u00f6ka den fysiska prestationen vid tr\u00e4ning<\/li>\n<li>F\u00f6r daglig anv\u00e4ndning<\/li>\n<\/ul>","protected":false},"featured_media":20537,"template":"","meta":{"_acf_changed":false},"product_brand":[],"product_cat":[15,206],"product_tag":[],"class_list":{"0":"post-20536","1":"product","2":"type-product","3":"status-publish","4":"has-post-thumbnail","6":"product_cat-alla-produkter","7":"product_cat-tillskott","9":"first","10":"outofstock","11":"taxable","12":"shipping-taxable","13":"purchasable","14":"product-type-simple"},"acf":[],"_links":{"self":[{"href":"https:\/\/aoperformance.se\/en\/wp-json\/wp\/v2\/product\/20536","targetHints":{"allow":["GET"]}}],"collection":[{"href":"https:\/\/aoperformance.se\/en\/wp-json\/wp\/v2\/product"}],"about":[{"href":"https:\/\/aoperformance.se\/en\/wp-json\/wp\/v2\/types\/product"}],"wp:featuredmedia":[{"embeddable":true,"href":"https:\/\/aoperformance.se\/en\/wp-json\/wp\/v2\/media\/20537"}],"wp:attachment":[{"href":"https:\/\/aoperformance.se\/en\/wp-json\/wp\/v2\/media?parent=20536"}],"wp:term":[{"taxonomy":"product_brand","embeddable":true,"href":"https:\/\/aoperformance.se\/en\/wp-json\/wp\/v2\/product_brand?post=20536"},{"taxonomy":"product_cat","embeddable":true,"href":"https:\/\/aoperformance.se\/en\/wp-json\/wp\/v2\/product_cat?post=20536"},{"taxonomy":"product_tag","embeddable":true,"href":"https:\/\/aoperformance.se\/en\/wp-json\/wp\/v2\/product_tag?post=20536"}],"curies":[{"name":"wp","href":"https:\/\/api.w.org\/{rel}","templated":true}]}}