{"id":20417,"date":"2024-07-26T14:56:00","date_gmt":"2024-07-26T12:56:00","guid":{"rendered":"https:\/\/aoperformance.se\/?post_type=product&#038;p=20417"},"modified":"2026-01-22T15:42:19","modified_gmt":"2026-01-22T14:42:19","slug":"cbd-sleep-kapslar-1500mg-cbd","status":"publish","type":"product","link":"https:\/\/aoperformance.se\/en\/product\/cbd-sleep-kapslar-1500mg-cbd\/?ref=249","title":{"rendered":"CBD Sleep Kapslar (1500mg CBD)"},"content":{"rendered":"<p class=\"p1\"><b>CBD Sleep Kapslar (1500mg CBD)<\/b><\/p>\n<ul class=\"ul1\">\n<li class=\"li1\">Alla dina s\u00f6mntillskott i en burk<\/li>\n<li class=\"li1\">50mg CBD, 10mg CBN per portion<\/li>\n<li class=\"li1\">Melatonin, magnesium, l-theanine, ashwagandha, vitamin B-komplex<\/li>\n<li class=\"li1\">Ekologisk, THC-fri, trippel labbtestad<\/li>\n<\/ul>\n<p class=\"p1\"><b>Uppt\u00e4ck kraften i Sleep.\u00a0<\/b>Arktis Naturals 1500mg CBD Sleep Kapslar \u00e4r vetenskapligt formulerade f\u00f6r att fr\u00e4mja avslappning och alla stadier av s\u00f6mnen, fr\u00e5n att slappna av i sinnet och somna snabbt till att st\u00f6dja en djup och ost\u00f6rd s\u00f6mn. Vi har kombinerat en kraftfull blandning av naturliga ingredienser f\u00f6r att alltid ge dig kvalitetss\u00f6mn, var du \u00e4n \u00e4r.<\/p>\n<p class=\"p4\"><a><b>\u00a0<\/b>INGREDIENSER<\/a><\/p>\n<p class=\"p1\">Ashwagandha, hampaextrakt, l-theanine, magnesium, melatonin, vitamin B-komplex<\/p>\n<p class=\"p4\"><a>\u00a0LABBTESTAD &amp; CERTIFIERAD<\/a><\/p>\n<p class=\"p1\">Arktis Naturals erbjuder v\u00e4rldens mest testade, p\u00e5litliga och certifierade CBD produkter. Alla produkter \u00e4r GMP-, ekologisk- och vegancertifierade samt trippellabbtestade av Europas ledande laboratorier. Betrott av professionella idrottare och anv\u00e4nds av tusentals m\u00e4nniskor fr\u00e5n alla samh\u00e4llsskikt.<\/p>\n<p class=\"p1\">V\u00e5ra 750mg CBD SLEEP Kapslar \u00e4r GMO-fria, mj\u00f6lkfria, glutenfria, paleo och inneh\u00e5ller inga konstgjorda f\u00e4rger, aromer eller konserveringsmedel. Denna produkt inneh\u00e5ller 0% THC.<\/p>\n<p class=\"p1\"><i>1500mg CBD Sleep Kapslar \u00e4r en registrerad kosmetisk produkt och avsedd f\u00f6r externt bruk.<\/i><\/p>\n<p class=\"p4\"><a>\u00a0VETENSKAPEN BAKOM CBD<\/a><\/p>\n<p class=\"p1\">M\u00e4nniskokroppen inneh\u00e5ller ett mycket unikt, komplext och specialiserat system som kallas endocannabinoidsystemet (ECS). CBD interagerar direkt med ECS och binder till cannabinoidreceptorerna CB1 och CB2 i v\u00e5rt nervsystem.<\/p>\n<p class=\"p4\"><a>\u00a0ETISKT &amp; H\u00c5LLBART SK\u00d6RDAD<\/a><\/p>\n<p class=\"p1\">H\u00e4lsa \u00e4r ett ekosystem; v\u00e5ra produkter anv\u00e4nder kraften fr\u00e5n naturen, men aldrig utan att ge tillbaka. V\u00e5ra produkter \u00e4r etiskt och h\u00e5llbart sk\u00f6rdade. V\u00e5r f\u00f6rpackning inneh\u00e5ller inte extra plast, s\u00e5 den \u00e4r l\u00e4tt att \u00e5tervinna.<\/p>\n<p class=\"p5\">DOSERING<\/p>\n<p class=\"p1\">2 kapslar per dag.<\/p>\n<p class=\"p5\">N\u00c4R KAN MAN ANV\u00c4NDA<\/p>\n<p class=\"p1\">45-60 minuter f\u00f6re s\u00e4ngg\u00e5endet.<\/p>\n<p class=\"p5\">KOMBINERA PRODUKTER<\/p>\n<p class=\"p1\">Kan anv\u00e4ndas tillsammans med andra Arktis CBD produkter.<\/p>","protected":false},"excerpt":{"rendered":"<p class=\"p1\"><b>CBD Sleep Kapslar (1500mg CBD)<\/b><\/p>\n<ul class=\"ul1\">\n<li class=\"li1\">Alla dina s\u00f6mntillskott i en burk<\/li>\n<li class=\"li1\">50mg CBD, 10mg CBN per portion<\/li>\n<li class=\"li1\">Melatonin, magnesium, l-theanine, ashwagandha, vitamin B-komplex<\/li>\n<li class=\"li1\">Ekologisk, THC-fri, trippel labbtestad<\/li>\n<\/ul>\n<p class=\"p1\"><b>Uppt\u00e4ck kraften i Sleep.\u00a0<\/b>Arktis Naturals 1500mg CBD Sleep Kapslar \u00e4r vetenskapligt formulerade f\u00f6r att fr\u00e4mja avslappning och alla stadier av s\u00f6mnen, fr\u00e5n att slappna av i sinnet och somna snabbt till att st\u00f6dja en djup och ost\u00f6rd s\u00f6mn. Vi har kombinerat en kraftfull blandning av naturliga ingredienser f\u00f6r att alltid ge dig kvalitetss\u00f6mn, var du \u00e4n \u00e4r.<\/p>","protected":false},"featured_media":20418,"template":"","meta":{"_acf_changed":false},"product_brand":[],"product_cat":[15,236,206],"product_tag":[],"class_list":{"0":"post-20417","1":"product","2":"type-product","3":"status-publish","4":"has-post-thumbnail","6":"product_cat-alla-produkter","7":"product_cat-arktis","8":"product_cat-tillskott","10":"first","11":"instock","12":"taxable","13":"shipping-taxable","14":"product-type-external"},"acf":[],"_links":{"self":[{"href":"https:\/\/aoperformance.se\/en\/wp-json\/wp\/v2\/product\/20417","targetHints":{"allow":["GET"]}}],"collection":[{"href":"https:\/\/aoperformance.se\/en\/wp-json\/wp\/v2\/product"}],"about":[{"href":"https:\/\/aoperformance.se\/en\/wp-json\/wp\/v2\/types\/product"}],"wp:featuredmedia":[{"embeddable":true,"href":"https:\/\/aoperformance.se\/en\/wp-json\/wp\/v2\/media\/20418"}],"wp:attachment":[{"href":"https:\/\/aoperformance.se\/en\/wp-json\/wp\/v2\/media?parent=20417"}],"wp:term":[{"taxonomy":"product_brand","embeddable":true,"href":"https:\/\/aoperformance.se\/en\/wp-json\/wp\/v2\/product_brand?post=20417"},{"taxonomy":"product_cat","embeddable":true,"href":"https:\/\/aoperformance.se\/en\/wp-json\/wp\/v2\/product_cat?post=20417"},{"taxonomy":"product_tag","embeddable":true,"href":"https:\/\/aoperformance.se\/en\/wp-json\/wp\/v2\/product_tag?post=20417"}],"curies":[{"name":"wp","href":"https:\/\/api.w.org\/{rel}","templated":true}]}}