{"id":20415,"date":"2024-07-26T16:02:33","date_gmt":"2024-07-26T14:02:33","guid":{"rendered":"https:\/\/aoperformance.se\/?post_type=product&#038;p=20415"},"modified":"2026-01-23T11:00:05","modified_gmt":"2026-01-23T10:00:05","slug":"cbd-olja-30-3000mg-cbd","status":"publish","type":"product","link":"https:\/\/aoperformance.se\/en\/product\/cbd-olja-30-3000mg-cbd\/?ref=249","title":{"rendered":"CBD Olja 30% (3000mg CBD)"},"content":{"rendered":"<p class=\"p1\"><b>CBD Olja 30% (3000mg CBD)<\/b><\/p>\n<ul class=\"ul1\">\n<li class=\"li1\">10ml flaska med 30% CBD (3000mg)<\/li>\n<li class=\"li1\">Fullt spektrum &amp; h\u00f6gt cannabinoidinneh\u00e5ll<\/li>\n<li class=\"li1\">H\u00f6g styrka f\u00f6r optimal entourage effekt<\/li>\n<li class=\"li1\">100% naturlig, THC-fri, trippel labbtestad<\/li>\n<\/ul>\n<p class=\"p1\">Arktis Naturals CBD Olja 30% erbjuder ett fullspektrum av naturliga cannabinoider och terpener, extraherade fr\u00e5n ekologiskt odlad hampa i EU. V\u00e5r avancerade extraktionsmetod bevarar alla f\u00f6rdelaktiga f\u00f6reningar i hampaplantan, vilket s\u00e4kerst\u00e4ller en THC-fri CBD olja av h\u00f6gsta kvalitet och effektivitet.\u00a0<b>Testad, p\u00e5litlig &amp; effektiv.<\/b><\/p>\n<p class=\"p1\">V\u00e5r CBD Olja 30% ger ett fullt spektrum av naturliga cannabinoider, blandade tillsammans med ekologisk MCT-olja f\u00f6r maximal nytta, och \u00e4r idealisk f\u00f6r erfarna anv\u00e4ndare.<\/p>\n<p class=\"p1\">Extraktet utvinns fr\u00e5n ekologiskt odlad hampa med hj\u00e4lp av en skonsam CO\u2082-extraktionsprocess, som bevarar alla naturliga cannabinoider, terpener och andra f\u00f6rdelaktiga n\u00e4rings\u00e4mnen. Detta garanterar den h\u00f6gsta kvaliteten av CBD olja. Inneh\u00e5ller cirka 340 droppar per flaska.<\/p>\n<p class=\"p1\">V\u00e5r CBD Olja 30% \u00e4r GMP, organisk och vegansk certifierad, GMO-fri, mj\u00f6lkfri, glutenfri, paleo och inneh\u00e5ller inga konstgjorda f\u00e4rger, aromer eller konserveringsmedel. Denna produkt inneh\u00e5ller 0% THC.<\/p>\n<p class=\"p1\"><i>CBD Olja 30% (3000mg CBD) \u00e4r en registrerad kosmetisk produkt som \u00e4r till f\u00f6r att skydda och bibeh\u00e5lla h\u00e4lsa p\u00e5 slemhinnor och munh\u00e5la.<\/i><\/p>\n<p class=\"p3\"><a>\u00a0INGREDIENSER<\/a><\/p>\n<p class=\"p1\">Ekologisk kokosn\u00f6tsolja (MCT-olja), hampaextrakt<\/p>\n<p class=\"p3\"><a>\u00a0LABBTESTAD &amp; CERTIFIERAD<\/a><\/p>\n<p class=\"p1\">Arktis Naturals erbjuder v\u00e4rldens mest testade, p\u00e5litliga och certifierade CBD produkter. Alla produkter \u00e4r GMP-, ekologisk- och vegancertifierade samt trippellabbtestade av Europas ledande laboratorier. Betrott av professionella idrottare och anv\u00e4nds av tusentals m\u00e4nniskor fr\u00e5n alla samh\u00e4llsskikt.<\/p>\n<p class=\"p3\"><a>VETENSKAPEN BAKOM CBD<\/a><\/p>\n<p class=\"p1\">M\u00e4nniskokroppen inneh\u00e5ller ett mycket unikt, komplext och specialiserat system som kallas endocannabinoidsystemet (ECS). CBD interagerar direkt med ECS och binder till cannabinoidreceptorerna CB1 och CB2 i v\u00e5rt nervsystem.<\/p>\n<p class=\"p3\"><a>\u00a0ETISTK &amp; H\u00c5LLBART SK\u00d6RDAD<\/a><\/p>\n<p class=\"p1\">H\u00e4lsa \u00e4r ett ekosystem; v\u00e5ra produkter anv\u00e4nder kraften fr\u00e5n naturen, men aldrig utan att ge tillbaka. V\u00e5ra produkter \u00e4r etiskt och h\u00e5llbart sk\u00f6rdade. V\u00e5r f\u00f6rpackning inneh\u00e5ller inte extra plast, s\u00e5 den \u00e4r l\u00e4tt att \u00e5tervinna.<\/p>\n<p class=\"p4\">DOSERING<\/p>\n<p class=\"p1\">Applicera 0.25ml och l\u00e5t absorberas i 30-60 sekunder. Upprepa 1-2 g\u00e5nger dagligen.<\/p>\n<p class=\"p4\">N\u00c4R KAN MAN ANV\u00c4NDA<\/p>\n<p class=\"p1\">Kan tas under hela dagen. Vi rekommenderar morgon, eftermiddag och kv\u00e4ll.<\/p>\n<p class=\"p4\">KOMBINERA PRODUKTER<\/p>\n<p class=\"p1\">Kan anv\u00e4ndas tillsammans med andra Arktis CBD produkter.<\/p>","protected":false},"excerpt":{"rendered":"<p class=\"p1\"><b>CBD Olja 30% (3000mg CBD)<\/b><\/p>\n<ul class=\"ul1\">\n<li class=\"li1\">10ml flaska med 30% CBD (3000mg)<\/li>\n<li class=\"li1\">Fullt spektrum &amp; h\u00f6gt cannabinoidinneh\u00e5ll<\/li>\n<li class=\"li1\">H\u00f6g styrka f\u00f6r optimal entourage effekt<\/li>\n<li class=\"li1\">100% naturlig, THC-fri, trippel labbtestad<\/li>\n<\/ul>\n<p class=\"p1\">Arktis Naturals CBD Olja 30% erbjuder ett fullspektrum av naturliga cannabinoider och terpener, extraherade fr\u00e5n ekologiskt odlad hampa i EU. V\u00e5r avancerade extraktionsmetod bevarar alla f\u00f6rdelaktiga f\u00f6reningar i hampaplantan, vilket s\u00e4kerst\u00e4ller en THC-fri CBD olja av h\u00f6gsta kvalitet och effektivitet.\u00a0<b>Testad, p\u00e5litlig &amp; effektiv.<\/b><\/p>","protected":false},"featured_media":20416,"template":"","meta":{"_acf_changed":false},"product_brand":[],"product_cat":[15,236,206],"product_tag":[],"class_list":{"0":"post-20415","1":"product","2":"type-product","3":"status-publish","4":"has-post-thumbnail","6":"product_cat-alla-produkter","7":"product_cat-arktis","8":"product_cat-tillskott","10":"first","11":"instock","12":"taxable","13":"shipping-taxable","14":"product-type-external"},"acf":[],"_links":{"self":[{"href":"https:\/\/aoperformance.se\/en\/wp-json\/wp\/v2\/product\/20415","targetHints":{"allow":["GET"]}}],"collection":[{"href":"https:\/\/aoperformance.se\/en\/wp-json\/wp\/v2\/product"}],"about":[{"href":"https:\/\/aoperformance.se\/en\/wp-json\/wp\/v2\/types\/product"}],"wp:featuredmedia":[{"embeddable":true,"href":"https:\/\/aoperformance.se\/en\/wp-json\/wp\/v2\/media\/20416"}],"wp:attachment":[{"href":"https:\/\/aoperformance.se\/en\/wp-json\/wp\/v2\/media?parent=20415"}],"wp:term":[{"taxonomy":"product_brand","embeddable":true,"href":"https:\/\/aoperformance.se\/en\/wp-json\/wp\/v2\/product_brand?post=20415"},{"taxonomy":"product_cat","embeddable":true,"href":"https:\/\/aoperformance.se\/en\/wp-json\/wp\/v2\/product_cat?post=20415"},{"taxonomy":"product_tag","embeddable":true,"href":"https:\/\/aoperformance.se\/en\/wp-json\/wp\/v2\/product_tag?post=20415"}],"curies":[{"name":"wp","href":"https:\/\/api.w.org\/{rel}","templated":true}]}}