{"id":20127,"date":"2024-02-19T14:54:21","date_gmt":"2024-02-19T13:54:21","guid":{"rendered":"https:\/\/aoperformance.se\/?post_type=product&#038;p=20127"},"modified":"2026-01-22T15:40:49","modified_gmt":"2026-01-22T14:40:49","slug":"earth-kurkumin-60-kapslar","status":"publish","type":"product","link":"https:\/\/aoperformance.se\/en\/product\/earth-kurkumin-60-kapslar\/","title":{"rendered":"EARTH Kurkumin &#8211; 60 kapslar"},"content":{"rendered":"<p>Pureness Earth Kurkumin \u00e4r ett kosttillskott i praktisk kapselform baserat p\u00e5 patenterat CurQfen\u00ae kurkumin som best\u00e5r av gurkmejaextrakt och fr\u00f6pulver av bockhornskl\u00f6ver. <\/p>\n<p>Gurkmeja \u00e4r en traditionell \u00f6rt med en l\u00e5ng historia och ursprung i Indien. Den \u00e4r starkt antiinflammatorisk och har m\u00e5nga k\u00e4nda h\u00e4lsof\u00f6rdelar som bl.a. att den kan f\u00f6rb\u00e4ttra matsm\u00e4ltningen, reglera blodsockerniv\u00e5n och st\u00e4rka levern.<\/p>\n<p>Produkten \u00e4r baserad p\u00e5 CurQfen\u00ae kurkumin isolerad fr\u00e5n gurkmeja, vilket \u00e4r en innovativ v\u00e4xtf\u00f6rening. Tack vare bockhornskl\u00f6verfr\u00f6pulvret den inneh\u00e5ller, erbjuder CurQfen\u00ae produkten en o\u00f6vertr\u00e4ffad absorptionsf\u00f6rm\u00e5ga och kraft. P\u00e5 s\u00e5 s\u00e4tt kan s\u00e5 mycket s\u00e5 kallat &#8221;fritt kurkumin&#8221;, som ligger bakom de gynnsamma effekterna av gurkmeja, komma in i blodomloppet och kroppen s\u00e5 mycket som m\u00f6jligt. CurQfen\u00ae ger ocks\u00e5 produkten en l\u00e5ng verkningstid.<\/p>","protected":false},"excerpt":{"rendered":"<p>Pureness Earth Kurkumin \u00e4r ett kosttillskott i praktisk kapselform baserat p\u00e5 patenterat CurQfen\u00ae kurkumin som best\u00e5r av gurkmejaextrakt och fr\u00f6pulver av bockhornskl\u00f6ver. Gurkmeja \u00e4r en traditionell \u00f6rt med en l\u00e5ng historia och ursprung i Indien. Den \u00e4r starkt antiinflammatorisk och har m\u00e5nga k\u00e4nda h\u00e4lsof\u00f6rdelar som bl.a. att den kan f\u00f6rb\u00e4ttra matsm\u00e4ltningen, reglera blodsockerniv\u00e5n och st\u00e4rka [&hellip;]<\/p>","protected":false},"featured_media":20128,"template":"","meta":{"_acf_changed":false},"product_brand":[],"product_cat":[206],"product_tag":[],"class_list":{"0":"post-20127","1":"product","2":"type-product","3":"status-publish","4":"has-post-thumbnail","6":"product_cat-tillskott","8":"first","9":"outofstock","10":"taxable","11":"shipping-taxable","12":"purchasable","13":"product-type-simple"},"acf":[],"_links":{"self":[{"href":"https:\/\/aoperformance.se\/en\/wp-json\/wp\/v2\/product\/20127","targetHints":{"allow":["GET"]}}],"collection":[{"href":"https:\/\/aoperformance.se\/en\/wp-json\/wp\/v2\/product"}],"about":[{"href":"https:\/\/aoperformance.se\/en\/wp-json\/wp\/v2\/types\/product"}],"wp:featuredmedia":[{"embeddable":true,"href":"https:\/\/aoperformance.se\/en\/wp-json\/wp\/v2\/media\/20128"}],"wp:attachment":[{"href":"https:\/\/aoperformance.se\/en\/wp-json\/wp\/v2\/media?parent=20127"}],"wp:term":[{"taxonomy":"product_brand","embeddable":true,"href":"https:\/\/aoperformance.se\/en\/wp-json\/wp\/v2\/product_brand?post=20127"},{"taxonomy":"product_cat","embeddable":true,"href":"https:\/\/aoperformance.se\/en\/wp-json\/wp\/v2\/product_cat?post=20127"},{"taxonomy":"product_tag","embeddable":true,"href":"https:\/\/aoperformance.se\/en\/wp-json\/wp\/v2\/product_tag?post=20127"}],"curies":[{"name":"wp","href":"https:\/\/api.w.org\/{rel}","templated":true}]}}