{"id":20125,"date":"2024-02-19T14:49:42","date_gmt":"2024-02-19T13:49:42","guid":{"rendered":"https:\/\/aoperformance.se\/?post_type=product&#038;p=20125"},"modified":"2026-01-22T15:40:49","modified_gmt":"2026-01-22T14:40:49","slug":"earth-ashwagandha-120-kapslar","status":"publish","type":"product","link":"https:\/\/aoperformance.se\/en\/product\/earth-ashwagandha-120-kapslar\/","title":{"rendered":"EARTH Ashwagandha &#8211; 120 kapslar"},"content":{"rendered":"<p>Pureness Earth Ashwagandha \u00e4r ett ekologiskt kosttillskott med den traditionella, indiska roten ashwagandha i praktisk kapselform, helt utan tillsatser.<\/p>\n<p>Produkten inneh\u00e5ller det h\u00f6gsta kvalitativa fullspektrum ashwagandha rotextrakt p\u00e5 marknaden, erh\u00e5llet genom vattenextraktion.<\/p>\n<p>Ashwagandha bidrar till avslappning, mental balans samt stresshantering.<\/p>\n<p>Rekommenderas ej f\u00f6r gravida och ammande personer. <\/p>","protected":false},"excerpt":{"rendered":"<p>Pureness Earth Ashwagandha \u00e4r ett ekologiskt kosttillskott med den traditionella, indiska roten ashwagandha i praktisk kapselform, helt utan tillsatser. Produkten inneh\u00e5ller det h\u00f6gsta kvalitativa fullspektrum ashwagandha rotextrakt p\u00e5 marknaden, erh\u00e5llet genom vattenextraktion. Ashwagandha bidrar till avslappning, mental balans samt stresshantering. Rekommenderas ej f\u00f6r gravida och ammande personer.<\/p>","protected":false},"featured_media":20126,"template":"","meta":{"_acf_changed":false},"product_brand":[],"product_cat":[206],"product_tag":[],"class_list":{"0":"post-20125","1":"product","2":"type-product","3":"status-publish","4":"has-post-thumbnail","6":"product_cat-tillskott","8":"first","9":"outofstock","10":"taxable","11":"shipping-taxable","12":"purchasable","13":"product-type-simple"},"acf":[],"_links":{"self":[{"href":"https:\/\/aoperformance.se\/en\/wp-json\/wp\/v2\/product\/20125","targetHints":{"allow":["GET"]}}],"collection":[{"href":"https:\/\/aoperformance.se\/en\/wp-json\/wp\/v2\/product"}],"about":[{"href":"https:\/\/aoperformance.se\/en\/wp-json\/wp\/v2\/types\/product"}],"wp:featuredmedia":[{"embeddable":true,"href":"https:\/\/aoperformance.se\/en\/wp-json\/wp\/v2\/media\/20126"}],"wp:attachment":[{"href":"https:\/\/aoperformance.se\/en\/wp-json\/wp\/v2\/media?parent=20125"}],"wp:term":[{"taxonomy":"product_brand","embeddable":true,"href":"https:\/\/aoperformance.se\/en\/wp-json\/wp\/v2\/product_brand?post=20125"},{"taxonomy":"product_cat","embeddable":true,"href":"https:\/\/aoperformance.se\/en\/wp-json\/wp\/v2\/product_cat?post=20125"},{"taxonomy":"product_tag","embeddable":true,"href":"https:\/\/aoperformance.se\/en\/wp-json\/wp\/v2\/product_tag?post=20125"}],"curies":[{"name":"wp","href":"https:\/\/api.w.org\/{rel}","templated":true}]}}