{"id":19779,"date":"2023-08-22T09:44:19","date_gmt":"2023-08-22T07:44:19","guid":{"rendered":"https:\/\/aoperformance.se\/?post_type=product&#038;p=19779"},"modified":"2026-01-22T15:40:49","modified_gmt":"2026-01-22T14:40:49","slug":"glutation-liposomal","status":"publish","type":"product","link":"https:\/\/aoperformance.se\/en\/product\/glutation-liposomal\/","title":{"rendered":"Glutation Liposomal"},"content":{"rendered":"","protected":false},"excerpt":{"rendered":"<div class=\"show-bullets\">\n<p><strong>N\u00e4ringsv\u00e4rde per dagsdos<\/strong><\/p>\n<table class=\"tabs__content-nutrition-list\">\n<tbody>\n<tr>\n<td class=\"tabs__content-nutrition-list-item\">Inneh\u00e5ll per<\/td>\n<td class=\"tabs__content-nutrition-list-item\">1 tsk<\/td>\n<td class=\"tabs__content-nutrition-list-item\">6 tsk<\/td>\n<\/tr>\n<tr>\n<td class=\"tabs__content-nutrition-list-item\">L-glutamin<\/td>\n<td class=\"tabs__content-nutrition-list-item\">3 g<\/td>\n<td class=\"tabs__content-nutrition-list-item\">18 g<\/td>\n<\/tr>\n<\/tbody>\n<\/table>\n<p>&nbsp;<\/p>\n<p><strong>Kosttillskott b\u00f6r inte anv\u00e4ndas som ett alternativ till en varierad kost.<\/strong><\/p>\n<\/div>\n<ul>\n<li>M\u00e4ngd 400 g<\/li>\n<li>100 % L-glutamin<\/li>\n<li>Vegansk<\/li>\n<li>EAN 7350012335595<\/li>\n<li>F\u00f6rvaring F\u00f6rvaras torrt och utom r\u00e4ckh\u00e5ll f\u00f6r sm\u00e5 barn. \u00d6ppnad f\u00f6rpackning f\u00f6rvaras v\u00e4l tillsluten.<\/li>\n<\/ul>","protected":false},"featured_media":19780,"template":"","meta":{"_acf_changed":false},"product_brand":[],"product_cat":[206],"product_tag":[227,229],"class_list":{"0":"post-19779","1":"product","2":"type-product","3":"status-publish","4":"has-post-thumbnail","6":"product_cat-tillskott","7":"product_tag-for-prestation","8":"product_tag-holistic","10":"first","11":"outofstock","12":"taxable","13":"shipping-taxable","14":"purchasable","15":"product-type-simple"},"acf":[],"_links":{"self":[{"href":"https:\/\/aoperformance.se\/en\/wp-json\/wp\/v2\/product\/19779","targetHints":{"allow":["GET"]}}],"collection":[{"href":"https:\/\/aoperformance.se\/en\/wp-json\/wp\/v2\/product"}],"about":[{"href":"https:\/\/aoperformance.se\/en\/wp-json\/wp\/v2\/types\/product"}],"wp:featuredmedia":[{"embeddable":true,"href":"https:\/\/aoperformance.se\/en\/wp-json\/wp\/v2\/media\/19780"}],"wp:attachment":[{"href":"https:\/\/aoperformance.se\/en\/wp-json\/wp\/v2\/media?parent=19779"}],"wp:term":[{"taxonomy":"product_brand","embeddable":true,"href":"https:\/\/aoperformance.se\/en\/wp-json\/wp\/v2\/product_brand?post=19779"},{"taxonomy":"product_cat","embeddable":true,"href":"https:\/\/aoperformance.se\/en\/wp-json\/wp\/v2\/product_cat?post=19779"},{"taxonomy":"product_tag","embeddable":true,"href":"https:\/\/aoperformance.se\/en\/wp-json\/wp\/v2\/product_tag?post=19779"}],"curies":[{"name":"wp","href":"https:\/\/api.w.org\/{rel}","templated":true}]}}