{"id":17004,"date":"2023-02-08T08:12:48","date_gmt":"2023-02-08T07:12:48","guid":{"rendered":"https:\/\/aoperformance.se\/?post_type=product&#038;p=17004"},"modified":"2026-01-22T15:40:50","modified_gmt":"2026-01-22T14:40:50","slug":"loop-band-medium","status":"publish","type":"product","link":"https:\/\/aoperformance.se\/en\/product\/loop-band-medium\/","title":{"rendered":"Loop Band &#8211; Medium"},"content":{"rendered":"<p><span style=\"color: #000000;\">Loop Band \u00e4r designade f\u00f6r att tr\u00e4na styrka, balans och r\u00f6rlighet. Loop-bandet \u00e4r perfekt f\u00f6r sporttr\u00e4ning, sjukgymnastik, rehabilitering samt yoga och pilates.<\/span><\/p>\n<p><span style=\"color: #000000;\">Banden \u00e4r bekv\u00e4ma att anv\u00e4nda, tar ingen plats och den h\u00f6ga kvalit\u00e9n ger en l\u00e5ng livsl\u00e4ngd<\/span><\/p>\n<p><span style=\"color: #000000;\">1 f\u00f6rpackning inneh\u00e5ller 1 slinga med l\u00e4ngden (omkretsen), 30 cm, bredd 5 cm.<\/span><\/p>","protected":false},"excerpt":{"rendered":"<p>Loop Band \u00e4r designade f\u00f6r att tr\u00e4na styrka, balans och r\u00f6rlighet. Loop-bandet \u00e4r perfekt f\u00f6r sporttr\u00e4ning, sjukgymnastik, rehabilitering samt yoga och pilates. Banden \u00e4r bekv\u00e4ma att anv\u00e4nda, tar ingen plats och den h\u00f6ga kvalit\u00e9n ger en l\u00e5ng livsl\u00e4ngd 1 f\u00f6rpackning inneh\u00e5ller 1 slinga med l\u00e4ngden (omkretsen), 30 cm, bredd 5 cm.<\/p>","protected":false},"featured_media":17005,"template":"","meta":{"_acf_changed":false},"product_brand":[],"product_cat":[15,207],"product_tag":[],"class_list":{"0":"post-17004","1":"product","2":"type-product","3":"status-publish","4":"has-post-thumbnail","6":"product_cat-alla-produkter","7":"product_cat-traning","9":"first","10":"outofstock","11":"taxable","12":"shipping-taxable","13":"purchasable","14":"product-type-simple"},"acf":[],"_links":{"self":[{"href":"https:\/\/aoperformance.se\/en\/wp-json\/wp\/v2\/product\/17004","targetHints":{"allow":["GET"]}}],"collection":[{"href":"https:\/\/aoperformance.se\/en\/wp-json\/wp\/v2\/product"}],"about":[{"href":"https:\/\/aoperformance.se\/en\/wp-json\/wp\/v2\/types\/product"}],"wp:featuredmedia":[{"embeddable":true,"href":"https:\/\/aoperformance.se\/en\/wp-json\/wp\/v2\/media\/17005"}],"wp:attachment":[{"href":"https:\/\/aoperformance.se\/en\/wp-json\/wp\/v2\/media?parent=17004"}],"wp:term":[{"taxonomy":"product_brand","embeddable":true,"href":"https:\/\/aoperformance.se\/en\/wp-json\/wp\/v2\/product_brand?post=17004"},{"taxonomy":"product_cat","embeddable":true,"href":"https:\/\/aoperformance.se\/en\/wp-json\/wp\/v2\/product_cat?post=17004"},{"taxonomy":"product_tag","embeddable":true,"href":"https:\/\/aoperformance.se\/en\/wp-json\/wp\/v2\/product_tag?post=17004"}],"curies":[{"name":"wp","href":"https:\/\/api.w.org\/{rel}","templated":true}]}}