{"id":17000,"date":"2023-02-08T08:11:33","date_gmt":"2023-02-08T07:11:33","guid":{"rendered":"https:\/\/aoperformance.se\/?post_type=product&#038;p=17000"},"modified":"2026-01-22T15:40:50","modified_gmt":"2026-01-22T14:40:50","slug":"super-loop-band-medium","status":"publish","type":"product","link":"https:\/\/aoperformance.se\/en\/product\/super-loop-band-medium\/","title":{"rendered":"Super Loop Band \u2013 Medium"},"content":{"rendered":"<p><span style=\"color: #000000;\">Sanctband Active Super Loop Band \u00e4r ett redskap med medium motst\u00e5nd, speciellt framtaget f\u00f6r att anv\u00e4ndas av professionella idrottsm\u00e4n vid styrke- och snabbhetstr\u00e4ning. Banden \u00e4r bekv\u00e4ma att anv\u00e4nda, tar ingen plats och den h\u00f6ga kvalit\u00e9n ger en l\u00e5ng livsl\u00e4ngd.<\/span><\/p>","protected":false},"excerpt":{"rendered":"<p>Sanctband Active Super Loop Band \u00e4r ett redskap med medium motst\u00e5nd, speciellt framtaget f\u00f6r att anv\u00e4ndas av professionella idrottsm\u00e4n vid styrke- och snabbhetstr\u00e4ning. Banden \u00e4r bekv\u00e4ma att anv\u00e4nda, tar ingen plats och den h\u00f6ga kvalit\u00e9n ger en l\u00e5ng livsl\u00e4ngd.<\/p>","protected":false},"featured_media":17001,"template":"","meta":{"_acf_changed":false},"product_brand":[],"product_cat":[15,207],"product_tag":[],"class_list":{"0":"post-17000","1":"product","2":"type-product","3":"status-publish","4":"has-post-thumbnail","6":"product_cat-alla-produkter","7":"product_cat-traning","9":"first","10":"outofstock","11":"taxable","12":"shipping-taxable","13":"purchasable","14":"product-type-simple"},"acf":[],"_links":{"self":[{"href":"https:\/\/aoperformance.se\/en\/wp-json\/wp\/v2\/product\/17000","targetHints":{"allow":["GET"]}}],"collection":[{"href":"https:\/\/aoperformance.se\/en\/wp-json\/wp\/v2\/product"}],"about":[{"href":"https:\/\/aoperformance.se\/en\/wp-json\/wp\/v2\/types\/product"}],"wp:featuredmedia":[{"embeddable":true,"href":"https:\/\/aoperformance.se\/en\/wp-json\/wp\/v2\/media\/17001"}],"wp:attachment":[{"href":"https:\/\/aoperformance.se\/en\/wp-json\/wp\/v2\/media?parent=17000"}],"wp:term":[{"taxonomy":"product_brand","embeddable":true,"href":"https:\/\/aoperformance.se\/en\/wp-json\/wp\/v2\/product_brand?post=17000"},{"taxonomy":"product_cat","embeddable":true,"href":"https:\/\/aoperformance.se\/en\/wp-json\/wp\/v2\/product_cat?post=17000"},{"taxonomy":"product_tag","embeddable":true,"href":"https:\/\/aoperformance.se\/en\/wp-json\/wp\/v2\/product_tag?post=17000"}],"curies":[{"name":"wp","href":"https:\/\/api.w.org\/{rel}","templated":true}]}}