{"id":16996,"date":"2023-02-08T08:09:51","date_gmt":"2023-02-08T07:09:51","guid":{"rendered":"https:\/\/aoperformance.se\/?post_type=product&#038;p=16996"},"modified":"2026-01-22T15:40:50","modified_gmt":"2026-01-22T14:40:50","slug":"super-loop-band-light","status":"publish","type":"product","link":"https:\/\/aoperformance.se\/en\/product\/super-loop-band-light\/","title":{"rendered":"Super Loop Band \u2013 Light"},"content":{"rendered":"<p><span style=\"color: #000000;\">Elastiskt motst\u00e5ndsband med medium motst\u00e5nd.<\/span><\/p>\n<p><span style=\"color: #000000;\">Super Loop Band fr\u00e5n Sanctband \u00e4r ett starkt, elastiskt motst\u00e5ndsband av latex speciellt framtaget f\u00f6r att anv\u00e4ndas av professionella idrottsm\u00e4n vid styrke- och snabbhetstr\u00e4ning.<\/span><\/p>","protected":false},"excerpt":{"rendered":"<p>Elastiskt motst\u00e5ndsband med medium motst\u00e5nd. Super Loop Band fr\u00e5n Sanctband \u00e4r ett starkt, elastiskt motst\u00e5ndsband av latex speciellt framtaget f\u00f6r att anv\u00e4ndas av professionella idrottsm\u00e4n vid styrke- och snabbhetstr\u00e4ning.<\/p>","protected":false},"featured_media":16997,"template":"","meta":{"_acf_changed":false},"product_brand":[],"product_cat":[15,207],"product_tag":[],"class_list":{"0":"post-16996","1":"product","2":"type-product","3":"status-publish","4":"has-post-thumbnail","6":"product_cat-alla-produkter","7":"product_cat-traning","9":"first","10":"outofstock","11":"taxable","12":"shipping-taxable","13":"purchasable","14":"product-type-simple"},"acf":[],"_links":{"self":[{"href":"https:\/\/aoperformance.se\/en\/wp-json\/wp\/v2\/product\/16996","targetHints":{"allow":["GET"]}}],"collection":[{"href":"https:\/\/aoperformance.se\/en\/wp-json\/wp\/v2\/product"}],"about":[{"href":"https:\/\/aoperformance.se\/en\/wp-json\/wp\/v2\/types\/product"}],"wp:featuredmedia":[{"embeddable":true,"href":"https:\/\/aoperformance.se\/en\/wp-json\/wp\/v2\/media\/16997"}],"wp:attachment":[{"href":"https:\/\/aoperformance.se\/en\/wp-json\/wp\/v2\/media?parent=16996"}],"wp:term":[{"taxonomy":"product_brand","embeddable":true,"href":"https:\/\/aoperformance.se\/en\/wp-json\/wp\/v2\/product_brand?post=16996"},{"taxonomy":"product_cat","embeddable":true,"href":"https:\/\/aoperformance.se\/en\/wp-json\/wp\/v2\/product_cat?post=16996"},{"taxonomy":"product_tag","embeddable":true,"href":"https:\/\/aoperformance.se\/en\/wp-json\/wp\/v2\/product_tag?post=16996"}],"curies":[{"name":"wp","href":"https:\/\/api.w.org\/{rel}","templated":true}]}}