{"id":16474,"date":"2023-02-04T10:08:06","date_gmt":"2023-02-04T09:08:06","guid":{"rendered":"https:\/\/aoperformance.se\/?page_id=16474"},"modified":"2023-09-20T09:56:51","modified_gmt":"2023-09-20T07:56:51","slug":"varukorg","status":"publish","type":"page","link":"https:\/\/aoperformance.se\/en\/varukorg\/","title":{"rendered":"Varukorg"},"content":{"rendered":"<div data-elementor-type=\"wp-page\" data-elementor-id=\"16474\" class=\"elementor elementor-16474\" data-elementor-post-type=\"page\">\n\t\t\t\t<div class=\"elementor-element elementor-element-8a0757d e-flex e-con-boxed e-con e-parent\" data-id=\"8a0757d\" data-element_type=\"container\">\n\t\t\t\t\t<div class=\"e-con-inner\">\n\t\t\t\t\t<\/div>\n\t\t\t\t<\/div>\n\t\t\t\t<\/div>","protected":false},"excerpt":{"rendered":"<p>Ta bort artikel Miniatyrbild Produkt Pris Antal Delsumma &times; AO News &#8211; Solglas\u00f6gon one size 130.00&nbsp;&#107;&#114; AO News &#8211; Solglas\u00f6gon one size m\u00e4ngd 130.00&nbsp;&#107;&#114; Till\u00e4mpa rabattkod Varukorg totalt Delsumma 130.00&nbsp;&#107;&#114; Totalt 130.00&nbsp;&#107;&#114; (inkl. 26.00&nbsp;&#107;&#114; Moms) Forts\u00e4tt till kassan<\/p>","protected":false},"author":6,"featured_media":0,"parent":0,"menu_order":0,"comment_status":"closed","ping_status":"closed","template":"","meta":{"_acf_changed":false,"footnotes":""},"class_list":["post-16474","page","type-page","status-publish","hentry"],"acf":[],"_links":{"self":[{"href":"https:\/\/aoperformance.se\/en\/wp-json\/wp\/v2\/pages\/16474","targetHints":{"allow":["GET"]}}],"collection":[{"href":"https:\/\/aoperformance.se\/en\/wp-json\/wp\/v2\/pages"}],"about":[{"href":"https:\/\/aoperformance.se\/en\/wp-json\/wp\/v2\/types\/page"}],"author":[{"embeddable":true,"href":"https:\/\/aoperformance.se\/en\/wp-json\/wp\/v2\/users\/6"}],"replies":[{"embeddable":true,"href":"https:\/\/aoperformance.se\/en\/wp-json\/wp\/v2\/comments?post=16474"}],"version-history":[{"count":5,"href":"https:\/\/aoperformance.se\/en\/wp-json\/wp\/v2\/pages\/16474\/revisions"}],"predecessor-version":[{"id":19833,"href":"https:\/\/aoperformance.se\/en\/wp-json\/wp\/v2\/pages\/16474\/revisions\/19833"}],"wp:attachment":[{"href":"https:\/\/aoperformance.se\/en\/wp-json\/wp\/v2\/media?parent=16474"}],"curies":[{"name":"wp","href":"https:\/\/api.w.org\/{rel}","templated":true}]}}