{"id":16224,"date":"2023-01-26T22:27:35","date_gmt":"2023-01-26T21:27:35","guid":{"rendered":"https:\/\/aoperformance.se\/?page_id=16224"},"modified":"2023-03-14T21:53:56","modified_gmt":"2023-03-14T20:53:56","slug":"cookie-policy","status":"publish","type":"page","link":"https:\/\/aoperformance.se\/en\/cookie-policy\/","title":{"rendered":"Cookie policy"},"content":{"rendered":"<div data-elementor-type=\"wp-page\" data-elementor-id=\"16224\" class=\"elementor elementor-16224\" data-elementor-post-type=\"page\">\n\t\t\t\t<div class=\"elementor-element elementor-element-9d6a166 e-flex e-con-boxed e-con e-parent\" data-id=\"9d6a166\" data-element_type=\"container\" data-settings=\"{&quot;background_background&quot;:&quot;classic&quot;}\">\n\t\t\t\t\t<div class=\"e-con-inner\">\n\t\t\t\t<div class=\"elementor-element elementor-element-8a0b3c1 elementor-widget elementor-widget-spacer\" data-id=\"8a0b3c1\" data-element_type=\"widget\" data-widget_type=\"spacer.default\">\n\t\t\t\t<div class=\"elementor-widget-container\">\n\t\t\t\t\t\t\t<div class=\"elementor-spacer\">\n\t\t\t<div class=\"elementor-spacer-inner\"><\/div>\n\t\t<\/div>\n\t\t\t\t\t\t<\/div>\n\t\t\t\t<\/div>\n\t\t\t\t<div class=\"elementor-element elementor-element-6c9be5a elementor-widget elementor-widget-text-editor\" data-id=\"6c9be5a\" data-element_type=\"widget\" data-widget_type=\"text-editor.default\">\n\t\t\t\t<div class=\"elementor-widget-container\">\n\t\t\t\t\t\t\t\t\t<p>H\u00e4r hittar du information om hur AO Performance (\u201dAO Performance\u201d eller \u201dvi\u201d) anv\u00e4nder informationskapslar\/cookies, pixlar och liknande teknologier (sammanfattningsvis kallade \u201dcookies\u201d) p\u00e5 v\u00e5r webbplats (<a href=\"http:\/\/aoperformance.se\/en\/\">aoperformance.se<\/a>)<\/p>\t\t\t\t\t\t\t\t<\/div>\n\t\t\t\t<\/div>\n\t\t\t\t<div class=\"elementor-element elementor-element-61010cb elementor-widget elementor-widget-heading\" data-id=\"61010cb\" data-element_type=\"widget\" data-widget_type=\"heading.default\">\n\t\t\t\t<div class=\"elementor-widget-container\">\n\t\t\t\t\t<h2 class=\"elementor-heading-title elementor-size-default\">Vad \u00e4r cookies?<\/h2>\t\t\t\t<\/div>\n\t\t\t\t<\/div>\n\t\t\t\t<div class=\"elementor-element elementor-element-8d0c15f elementor-widget elementor-widget-text-editor\" data-id=\"8d0c15f\" data-element_type=\"widget\" data-widget_type=\"text-editor.default\">\n\t\t\t\t<div class=\"elementor-widget-container\">\n\t\t\t\t\t\t\t\t\t<p>Cookies<em>:<\/em> Sm\u00e5 textfiler som sparas p\u00e5 din enhet (mobil, surfplatta, dator) f\u00f6r att identifiera din webbl\u00e4sare. Cookies kan antingen levereras av oss (f\u00f6rstapartscookies) eller av andra akt\u00f6rer (tredjepartscookies).<\/p><p>Pixlar (Pixel tags)<em>:<\/em> Bildfiler som anv\u00e4nds f\u00f6r att koppla upp dig mot en tredjeparts webbplats, bland annat f\u00f6r att aktivera cookies fr\u00e5n tredjepartswebbplatsen. En pixel kan l\u00e4sa in och skriva till cookies som lagrats p\u00e5 din enhet.<\/p><p>Scripts<em>:<\/em> Kodsnuttar som \u00e4r n\u00f6dv\u00e4ndiga f\u00f6r att aktivera en pixel eller som anv\u00e4nds f\u00f6r att identifiera din webbl\u00e4sare eller enhet tv\u00e4rs \u00f6ver olika webbes\u00f6k och webbsidor.<\/p>\t\t\t\t\t\t\t\t<\/div>\n\t\t\t\t<\/div>\n\t\t\t\t<div class=\"elementor-element elementor-element-b4ec3ff elementor-widget elementor-widget-heading\" data-id=\"b4ec3ff\" data-element_type=\"widget\" data-widget_type=\"heading.default\">\n\t\t\t\t<div class=\"elementor-widget-container\">\n\t\t\t\t\t<h2 class=\"elementor-heading-title elementor-size-default\">Vad vi anv\u00e4nder cookies till<\/h2>\t\t\t\t<\/div>\n\t\t\t\t<\/div>\n\t\t\t\t<div class=\"elementor-element elementor-element-cd5d07f elementor-widget elementor-widget-text-editor\" data-id=\"cd5d07f\" data-element_type=\"widget\" data-widget_type=\"text-editor.default\">\n\t\t\t\t<div class=\"elementor-widget-container\">\n\t\t\t\t\t\t\t\t\t<p>Vi anv\u00e4nder cookies p\u00e5 v\u00e5r webbsida f\u00f6r f\u00f6ljande syften och \u00e4ndam\u00e5l:<\/p><ul><li>N\u00f6dv\u00e4ndiga cookies, dvs. cookies som \u00e4r n\u00f6dv\u00e4ndiga f\u00f6r att v\u00e5r webbplats skall kunna vara i drift.<\/li><li>Cookies f\u00f6r aktivitet, dvs. som bidrar till att m\u00e4ta bes\u00f6kstrafik g\u00e4llande v\u00e5r webbplats.<\/li><li>Cookies f\u00f6r funktionalitet, dvs. som bidrar till f\u00f6rb\u00e4ttrad funktionalitet och anpassning p\u00e5 v\u00e5r webbplats.<\/li><li>Cookies f\u00f6r m\u00e5linriktad annonsering, dvs. annonser som bidrar till att visa sig som relevanta annonser p\u00e5 andra webbplatser baserat p\u00e5 din navigation p\u00e5 v\u00e5r webbplats.<\/li><\/ul>\t\t\t\t\t\t\t\t<\/div>\n\t\t\t\t<\/div>\n\t\t\t\t<div class=\"elementor-element elementor-element-10a4bbe elementor-widget elementor-widget-heading\" data-id=\"10a4bbe\" data-element_type=\"widget\" data-widget_type=\"heading.default\">\n\t\t\t\t<div class=\"elementor-widget-container\">\n\t\t\t\t\t<h2 class=\"elementor-heading-title elementor-size-default\">Vilka cookies anv\u00e4nder vi?<\/h2>\t\t\t\t<\/div>\n\t\t\t\t<\/div>\n\t\t\t\t<div class=\"elementor-element elementor-element-e5f85b2 elementor-widget elementor-widget-text-editor\" data-id=\"e5f85b2\" data-element_type=\"widget\" data-widget_type=\"text-editor.default\">\n\t\t\t\t<div class=\"elementor-widget-container\">\n\t\t\t\t\t\t\t\t\t<p>I cookie-bannern p\u00e5 v\u00e5r webbplats, visar vi en f\u00f6rteckning \u00f6ver de cookies som alltid anv\u00e4nds p\u00e5 v\u00e5r webbplats. D\u00e4r ger vi \u00e4ven information om namn, v\u00e4rddator, varaktighet, typ, kategori och beskrivning.<\/p><p>Var uppm\u00e4rksam p\u00e5 att v\u00e5r webbplats kan visa, anv\u00e4nda eller l\u00e4nka till inneh\u00e5ll p\u00e5 andras webbplatser, vilket kan medf\u00f6ra att cookies fr\u00e5n tredjepartsakt\u00f6rer sparas p\u00e5 din enhet. Detta kan exempelvis ske om du navigerar fr\u00e5n Facebook till v\u00e5r webbplats. Du hittar mer information om detta i personuppgiftspolicyn f\u00f6r de aktuella tredjepartsakt\u00f6rerna.<\/p>\t\t\t\t\t\t\t\t<\/div>\n\t\t\t\t<\/div>\n\t\t\t\t<div class=\"elementor-element elementor-element-65af67d elementor-widget elementor-widget-heading\" data-id=\"65af67d\" data-element_type=\"widget\" data-widget_type=\"heading.default\">\n\t\t\t\t<div class=\"elementor-widget-container\">\n\t\t\t\t\t<h2 class=\"elementor-heading-title elementor-size-default\">Dina val<\/h2>\t\t\t\t<\/div>\n\t\t\t\t<\/div>\n\t\t\t\t<div class=\"elementor-element elementor-element-cdb1aa7 elementor-widget elementor-widget-text-editor\" data-id=\"cdb1aa7\" data-element_type=\"widget\" data-widget_type=\"text-editor.default\">\n\t\t\t\t<div class=\"elementor-widget-container\">\n\t\t\t\t\t\t\t\t\t<p>Du kan v\u00e4lja om du vill acceptera eller reservera dig mot anv\u00e4ndning av cookies via inst\u00e4llningar i din webbl\u00e4sare. H\u00e4r hittar du mer information om hur du g\u00f6r inst\u00e4llningar f\u00f6r de vanligaste webbl\u00e4sarna: <a href=\"https:\/\/support.microsoft.com\/en-us\/help\/17442\/windows-internet-explorer-delete-manage-cookies\">Internet Explorer<\/a>, <a href=\"https:\/\/support.mozilla.org\/en-US\/kb\/delete-cookies-remove-info-websites-stored\">Mozilla Firefox<\/a> och <a href=\"https:\/\/support.google.com\/accounts\/answer\/61416\">Google Chrome<\/a>.<\/p><p>Du kan \u00e4ven v\u00e4lja vilka cookies du vill acceptera eller reservera dig mot i cookie-bannern p\u00e5 v\u00e5r webbplats.<\/p><p>Om du reserverar dig mot anv\u00e4ndning av cookies, kan du uppleva att v\u00e5r webbplats inte fungerar optimalt.<\/p>\t\t\t\t\t\t\t\t<\/div>\n\t\t\t\t<\/div>\n\t\t\t\t<div class=\"elementor-element elementor-element-ee8f173 elementor-widget elementor-widget-heading\" data-id=\"ee8f173\" data-element_type=\"widget\" data-widget_type=\"heading.default\">\n\t\t\t\t<div class=\"elementor-widget-container\">\n\t\t\t\t\t<h2 class=\"elementor-heading-title elementor-size-default\">Personuppgiftsskydd<\/h2>\t\t\t\t<\/div>\n\t\t\t\t<\/div>\n\t\t\t\t<div class=\"elementor-element elementor-element-7b3fbe8 elementor-widget elementor-widget-text-editor\" data-id=\"7b3fbe8\" data-element_type=\"widget\" data-widget_type=\"text-editor.default\">\n\t\t\t\t<div class=\"elementor-widget-container\">\n\t\t\t\t\t\t\t\t\t<p>Vi knyter normalt inte cookies till dig som person. Det kan dock f\u00f6rekomma att du indirekt blir eller kan bli identifierad, exempelvis om du loggar in p\u00e5 v\u00e5r webbplats. I s\u00e5dana fall, kan vi koppla samman cookies med annan information som vi har g\u00e4llande ditt kundf\u00f6rh\u00e5llande, i syfte att ge dig en mer anpassad anv\u00e4ndarupplevelse p\u00e5 v\u00e5r webbplats. F\u00f6r ytterligare information, se v\u00e5r personuppgiftspolicy.<\/p>\t\t\t\t\t\t\t\t<\/div>\n\t\t\t\t<\/div>\n\t\t\t\t<div class=\"elementor-element elementor-element-c89d973 elementor-widget elementor-widget-heading\" data-id=\"c89d973\" data-element_type=\"widget\" data-widget_type=\"heading.default\">\n\t\t\t\t<div class=\"elementor-widget-container\">\n\t\t\t\t\t<h2 class=\"elementor-heading-title elementor-size-default\">\u00c4ndringar<\/h2>\t\t\t\t<\/div>\n\t\t\t\t<\/div>\n\t\t\t\t<div class=\"elementor-element elementor-element-9c8ba6d elementor-widget elementor-widget-text-editor\" data-id=\"9c8ba6d\" data-element_type=\"widget\" data-widget_type=\"text-editor.default\">\n\t\t\t\t<div class=\"elementor-widget-container\">\n\t\t\t\t\t\t\t\t\t<p>Vi kan komma att uppdatera denna cookiepolicy vid behov, exempelvis om vi g\u00f6r \u00e4ndringar p\u00e5 v\u00e5r webbplats. Du kommer att f\u00e5 information av oss om vi g\u00f6r v\u00e4sentliga \u00e4ndringar. Du kommer alltid att hitta den senaste versionen av cookiepolicyn p\u00e5 v\u00e5r webbsida.<\/p>\t\t\t\t\t\t\t\t<\/div>\n\t\t\t\t<\/div>\n\t\t\t\t\t<\/div>\n\t\t\t\t<\/div>\n\t\t\t\t<\/div>","protected":false},"excerpt":{"rendered":"<p>H\u00e4r hittar du information om hur AO Performance (\u201dAO Performance\u201d eller \u201dvi\u201d) anv\u00e4nder informationskapslar\/cookies, pixlar och liknande teknologier (sammanfattningsvis kallade \u201dcookies\u201d) p\u00e5 v\u00e5r webbplats (aoperformance.se) Vad \u00e4r cookies? Cookies: Sm\u00e5 textfiler som sparas p\u00e5 din enhet (mobil, surfplatta, dator) f\u00f6r att identifiera din webbl\u00e4sare. Cookies kan antingen levereras av oss (f\u00f6rstapartscookies) eller av andra akt\u00f6rer [&hellip;]<\/p>","protected":false},"author":6,"featured_media":0,"parent":0,"menu_order":0,"comment_status":"closed","ping_status":"closed","template":"","meta":{"_acf_changed":false,"footnotes":""},"class_list":["post-16224","page","type-page","status-publish","hentry"],"acf":[],"_links":{"self":[{"href":"https:\/\/aoperformance.se\/en\/wp-json\/wp\/v2\/pages\/16224","targetHints":{"allow":["GET"]}}],"collection":[{"href":"https:\/\/aoperformance.se\/en\/wp-json\/wp\/v2\/pages"}],"about":[{"href":"https:\/\/aoperformance.se\/en\/wp-json\/wp\/v2\/types\/page"}],"author":[{"embeddable":true,"href":"https:\/\/aoperformance.se\/en\/wp-json\/wp\/v2\/users\/6"}],"replies":[{"embeddable":true,"href":"https:\/\/aoperformance.se\/en\/wp-json\/wp\/v2\/comments?post=16224"}],"version-history":[{"count":0,"href":"https:\/\/aoperformance.se\/en\/wp-json\/wp\/v2\/pages\/16224\/revisions"}],"wp:attachment":[{"href":"https:\/\/aoperformance.se\/en\/wp-json\/wp\/v2\/media?parent=16224"}],"curies":[{"name":"wp","href":"https:\/\/api.w.org\/{rel}","templated":true}]}}