{"id":15661,"date":"2023-01-25T21:26:00","date_gmt":"2023-01-25T20:26:00","guid":{"rendered":"https:\/\/aoperformance.se\/?page_id=15661"},"modified":"2025-07-21T00:52:35","modified_gmt":"2025-07-20T22:52:35","slug":"facebook-grupper","status":"publish","type":"page","link":"https:\/\/aoperformance.se\/en\/facebook-grupper\/","title":{"rendered":"Facebook Community"},"content":{"rendered":"<div data-elementor-type=\"wp-page\" data-elementor-id=\"15661\" class=\"elementor elementor-15661\" data-elementor-post-type=\"page\">\n\t\t\t\t<div class=\"elementor-element elementor-element-be3646d e-flex e-con-boxed e-con e-parent\" data-id=\"be3646d\" data-element_type=\"container\" id=\"communitystart\" data-settings=\"{&quot;background_background&quot;:&quot;classic&quot;}\">\n\t\t\t\t\t<div class=\"e-con-inner\">\n\t\t\t\t<div class=\"elementor-element elementor-element-0da1e6c elementor-widget elementor-widget-heading\" data-id=\"0da1e6c\" data-element_type=\"widget\" data-widget_type=\"heading.default\">\n\t\t\t\t<div class=\"elementor-widget-container\">\n\t\t\t\t\t<h1 class=\"elementor-heading-title elementor-size-default\">JOIN AO PERFORMANCE<\/h1>\t\t\t\t<\/div>\n\t\t\t\t<\/div>\n\t\t\t\t<div class=\"elementor-element elementor-element-08d82b2 elementor-widget elementor-widget-text-editor\" data-id=\"08d82b2\" data-element_type=\"widget\" data-widget_type=\"text-editor.default\">\n\t\t\t\t<div class=\"elementor-widget-container\">\n\t\t\t\t\t\t\t\t\t<p>Together we are stronger, which is why we at AO have created <strong><span style=\"color: #ff914d;\">Facebook groups for YOU to reach your full potential.<\/span><\/strong> Whoever you are, wherever you are, you should be able to find inspiration and motivation to fulfill your promise to yourself. Here, you don't have to wait until you're ready; together, we become ready!<\/p>\t\t\t\t\t\t\t\t<\/div>\n\t\t\t\t<\/div>\n\t\t\t\t\t<\/div>\n\t\t\t\t<\/div>\n\t\t<div class=\"elementor-element elementor-element-1d3fe87 e-flex e-con-boxed e-con e-parent\" data-id=\"1d3fe87\" data-element_type=\"container\" data-settings=\"{&quot;background_background&quot;:&quot;classic&quot;}\">\n\t\t\t\t\t<div class=\"e-con-inner\">\n\t\t<div class=\"elementor-element elementor-element-8c6b324 e-con-full e-flex e-con e-child\" data-id=\"8c6b324\" data-element_type=\"container\">\n\t\t\t\t<\/div>\n\t\t<div class=\"elementor-element elementor-element-a7c54f7 e-flex e-con-boxed e-con e-child\" data-id=\"a7c54f7\" data-element_type=\"container\">\n\t\t\t\t\t<div class=\"e-con-inner\">\n\t\t\t\t<div class=\"elementor-element elementor-element-3ce2cfa elementor-widget elementor-widget-heading\" data-id=\"3ce2cfa\" data-element_type=\"widget\" data-widget_type=\"heading.default\">\n\t\t\t\t<div class=\"elementor-widget-container\">\n\t\t\t\t\t<h2 class=\"elementor-heading-title elementor-size-default\">Mindset 2.0<\/h2>\t\t\t\t<\/div>\n\t\t\t\t<\/div>\n\t\t\t\t\t<\/div>\n\t\t\t\t<\/div>\n\t\t\t\t\t<\/div>\n\t\t\t\t<\/div>\n\t\t<div class=\"elementor-element elementor-element-b9dc862 e-flex e-con-boxed e-con e-parent\" data-id=\"b9dc862\" data-element_type=\"container\" data-settings=\"{&quot;background_background&quot;:&quot;classic&quot;}\">\n\t\t\t\t\t<div class=\"e-con-inner\">\n\t\t<div class=\"elementor-element elementor-element-4c3b2fc e-con-full e-flex e-con e-child\" data-id=\"4c3b2fc\" data-element_type=\"container\" data-settings=\"{&quot;background_background&quot;:&quot;classic&quot;}\">\n\t\t\t\t<div class=\"elementor-element elementor-element-85ab519 elementor-widget elementor-widget-image\" data-id=\"85ab519\" data-element_type=\"widget\" data-widget_type=\"image.default\">\n\t\t\t\t<div class=\"elementor-widget-container\">\n\t\t\t\t\t\t\t\t\t\t\t\t\t\t\t<img fetchpriority=\"high\" decoding=\"async\" width=\"2194\" height=\"2560\" src=\"https:\/\/aoperformance.se\/wp-content\/uploads\/2023\/01\/1-1-1-scaled.webp\" class=\"attachment-full size-full wp-image-15734\" alt=\"\" srcset=\"https:\/\/aoperformance.se\/wp-content\/uploads\/2023\/01\/1-1-1-scaled.webp 2194w, https:\/\/aoperformance.se\/wp-content\/uploads\/2023\/01\/1-1-1-257x300.webp 257w, https:\/\/aoperformance.se\/wp-content\/uploads\/2023\/01\/1-1-1-878x1024.webp 878w, https:\/\/aoperformance.se\/wp-content\/uploads\/2023\/01\/1-1-1-768x896.webp 768w, https:\/\/aoperformance.se\/wp-content\/uploads\/2023\/01\/1-1-1-1317x1536.webp 1317w, https:\/\/aoperformance.se\/wp-content\/uploads\/2023\/01\/1-1-1-1755x2048.webp 1755w, https:\/\/aoperformance.se\/wp-content\/uploads\/2023\/01\/1-1-1-680x793.webp 680w, https:\/\/aoperformance.se\/wp-content\/uploads\/2023\/01\/1-1-1-64x75.webp 64w\" sizes=\"(max-width: 2194px) 100vw, 2194px\" \/>\t\t\t\t\t\t\t\t\t\t\t\t\t\t\t<\/div>\n\t\t\t\t<\/div>\n\t\t\t\t<\/div>\n\t\t<div class=\"elementor-element elementor-element-1fff1e5 e-con-full e-flex e-con e-child\" data-id=\"1fff1e5\" data-element_type=\"container\">\n\t\t<div class=\"elementor-element elementor-element-0b9618d e-flex e-con-boxed e-con e-child\" data-id=\"0b9618d\" data-element_type=\"container\">\n\t\t\t\t\t<div class=\"e-con-inner\">\n\t\t\t\t\t<\/div>\n\t\t\t\t<\/div>\n\t\t<div class=\"elementor-element elementor-element-eee3069 e-flex e-con-boxed e-con e-child\" data-id=\"eee3069\" data-element_type=\"container\">\n\t\t\t\t\t<div class=\"e-con-inner\">\n\t\t\t\t<div class=\"elementor-element elementor-element-a30c4f5 elementor-widget elementor-widget-heading\" data-id=\"a30c4f5\" data-element_type=\"widget\" data-widget_type=\"heading.default\">\n\t\t\t\t<div class=\"elementor-widget-container\">\n\t\t\t\t\t<h3 class=\"elementor-heading-title elementor-size-default\">How to build a stronger mindset for extraordinary performance.<\/h3>\t\t\t\t<\/div>\n\t\t\t\t<\/div>\n\t\t\t\t<div class=\"elementor-element elementor-element-62a5d28 elementor-widget elementor-widget-text-editor\" data-id=\"62a5d28\" data-element_type=\"widget\" data-widget_type=\"text-editor.default\">\n\t\t\t\t<div class=\"elementor-widget-container\">\n\t\t\t\t\t\t\t\t\t<p class=\"translation-block\">If you feel that you have untapped potential within you, then this group is for you! Andreas \u00d6hgren and Gunnar Karlin will help you develop a mindset that takes you where you want to go! In this community, you will gain insights from the depth, breadth, and height of knowledge and personal experiences accumulated from thousands of hours of meetings and courses with both Andreas and Gunnar.<\/p>\n<p><\/p>\n<p>We are doing this&nbsp;<b>TOGETHER,&nbsp;<\/b><span style=\"color: var( --e-global-color-primary ); font-family: var( --e-global-typography-text-font-family ), Sans-serif; word-spacing: var( --e-global-typography-text-word-spacing ); text-align: var(--text-align); background-color: var( --e-global-color-5652214 );\">and you will receive answers to questions you didn't even know you had about yourself, for optimal growth and success.&nbsp;<\/span><\/p>\n<p>A group for everyone who wants to build an unbeatable mindset that empowers you to achieve your dreams' goals!<\/p>\t\t\t\t\t\t\t\t<\/div>\n\t\t\t\t<\/div>\n\t\t\t\t\t<\/div>\n\t\t\t\t<\/div>\n\t\t<div class=\"elementor-element elementor-element-ae91c60 e-flex e-con-boxed e-con e-child\" data-id=\"ae91c60\" data-element_type=\"container\">\n\t\t\t\t\t<div class=\"e-con-inner\">\n\t\t\t\t<div class=\"elementor-element elementor-element-841cabe elementor-widget elementor-widget-button\" data-id=\"841cabe\" data-element_type=\"widget\" data-widget_type=\"button.default\">\n\t\t\t\t<div class=\"elementor-widget-container\">\n\t\t\t\t\t\t\t\t\t<div class=\"elementor-button-wrapper\">\n\t\t\t\t\t<a class=\"elementor-button elementor-button-link elementor-size-sm\" href=\"https:\/\/www.facebook.com\/groups\/3480747335494001\/\" target=\"_blank\">\n\t\t\t\t\t\t<span class=\"elementor-button-content-wrapper\">\n\t\t\t\t\t\t\t\t\t<span class=\"elementor-button-text\">JOIN HERE<\/span>\n\t\t\t\t\t<\/span>\n\t\t\t\t\t<\/a>\n\t\t\t\t<\/div>\n\t\t\t\t\t\t\t\t<\/div>\n\t\t\t\t<\/div>\n\t\t\t\t<div class=\"elementor-element elementor-element-184cac4 elementor-view-default elementor-widget elementor-widget-icon\" data-id=\"184cac4\" data-element_type=\"widget\" data-widget_type=\"icon.default\">\n\t\t\t\t<div class=\"elementor-widget-container\">\n\t\t\t\t\t\t\t<div class=\"elementor-icon-wrapper\">\n\t\t\t<a class=\"elementor-icon elementor-animation-grow\" href=\"#2\">\n\t\t\t<i aria-hidden=\"true\" class=\"fas fa-angle-down\"><\/i>\t\t\t<\/a>\n\t\t<\/div>\n\t\t\t\t\t\t<\/div>\n\t\t\t\t<\/div>\n\t\t\t\t\t<\/div>\n\t\t\t\t<\/div>\n\t\t\t\t<\/div>\n\t\t\t\t\t<\/div>\n\t\t\t\t<\/div>\n\t\t<div class=\"elementor-element elementor-element-a4a5376 e-flex e-con-boxed e-con e-parent\" data-id=\"a4a5376\" data-element_type=\"container\" id=\"2\" data-settings=\"{&quot;background_background&quot;:&quot;classic&quot;}\">\n\t\t\t\t\t<div class=\"e-con-inner\">\n\t\t<div class=\"elementor-element elementor-element-2796ebf e-flex e-con-boxed e-con e-child\" data-id=\"2796ebf\" data-element_type=\"container\">\n\t\t\t\t\t<div class=\"e-con-inner\">\n\t\t\t\t<div class=\"elementor-element elementor-element-1477379 elementor-widget elementor-widget-heading\" data-id=\"1477379\" data-element_type=\"widget\" data-widget_type=\"heading.default\">\n\t\t\t\t<div class=\"elementor-widget-container\">\n\t\t\t\t\t<h2 class=\"elementor-heading-title elementor-size-default\">Fascia Explained<\/h2>\t\t\t\t<\/div>\n\t\t\t\t<\/div>\n\t\t\t\t\t<\/div>\n\t\t\t\t<\/div>\n\t\t<div class=\"elementor-element elementor-element-e19f3e3 e-con-full e-flex e-con e-child\" data-id=\"e19f3e3\" data-element_type=\"container\">\n\t\t\t\t<\/div>\n\t\t\t\t\t<\/div>\n\t\t\t\t<\/div>\n\t\t<div class=\"elementor-element elementor-element-cef5df4 e-flex e-con-boxed e-con e-parent\" data-id=\"cef5df4\" data-element_type=\"container\" data-settings=\"{&quot;background_background&quot;:&quot;classic&quot;}\">\n\t\t\t\t\t<div class=\"e-con-inner\">\n\t\t<div class=\"elementor-element elementor-element-cc5828d e-con-full e-flex e-con e-child\" data-id=\"cc5828d\" data-element_type=\"container\">\n\t\t<div class=\"elementor-element elementor-element-10553cb e-flex e-con-boxed e-con e-child\" data-id=\"10553cb\" data-element_type=\"container\" data-settings=\"{&quot;background_background&quot;:&quot;classic&quot;}\">\n\t\t\t\t\t<div class=\"e-con-inner\">\n\t\t\t\t\t<\/div>\n\t\t\t\t<\/div>\n\t\t<div class=\"elementor-element elementor-element-860aef0 e-flex e-con-boxed e-con e-child\" data-id=\"860aef0\" data-element_type=\"container\" data-settings=\"{&quot;background_background&quot;:&quot;classic&quot;}\">\n\t\t\t\t\t<div class=\"e-con-inner\">\n\t\t\t\t<div class=\"elementor-element elementor-element-26d173a elementor-widget elementor-widget-heading\" data-id=\"26d173a\" data-element_type=\"widget\" data-widget_type=\"heading.default\">\n\t\t\t\t<div class=\"elementor-widget-container\">\n\t\t\t\t\t<h3 class=\"elementor-heading-title elementor-size-default\">- for Nerds, Coaches &amp; Therapists<\/h3>\t\t\t\t<\/div>\n\t\t\t\t<\/div>\n\t\t\t\t<div class=\"elementor-element elementor-element-39c6855 elementor-widget elementor-widget-text-editor\" data-id=\"39c6855\" data-element_type=\"widget\" data-widget_type=\"text-editor.default\">\n\t\t\t\t<div class=\"elementor-widget-container\">\n\t\t\t\t\t\t\t\t\t<p><strong>How to go from good to world class as a trainer, therapist, coach or therapist.<\/strong><\/p><p>At AO, we recognize that there are far too many people who struggle with poor movement, pain, and dissatisfaction with their athletic performance. The reason behind this is often a lack of knowledge on how to effectively train and care for their bodies. By adopting AO's innovative training methods, you can assist your clients (and yourself) in creating the ideal conditions for achieving not only health and joy but also outstanding athletic performance.<\/p><p>In the Movement Alliance group, we bring together trainers, coaches, and practitioners who are eager to embrace the future of sports training. Together, we form a strong community where we inspire and learn from one another. Through this collective effort, we empower athletes to achieve extraordinary results in their training, free from pain, and with a genuine passion for movement. Join us on this transformative journey, where we prioritize both optimal performance and a sustainable approach to training.<\/p>\t\t\t\t\t\t\t\t<\/div>\n\t\t\t\t<\/div>\n\t\t\t\t\t<\/div>\n\t\t\t\t<\/div>\n\t\t<div class=\"elementor-element elementor-element-220b7bd e-flex e-con-boxed e-con e-child\" data-id=\"220b7bd\" data-element_type=\"container\" data-settings=\"{&quot;background_background&quot;:&quot;classic&quot;}\">\n\t\t\t\t\t<div class=\"e-con-inner\">\n\t\t\t\t<div class=\"elementor-element elementor-element-dceea41 elementor-widget elementor-widget-button\" data-id=\"dceea41\" data-element_type=\"widget\" data-widget_type=\"button.default\">\n\t\t\t\t<div class=\"elementor-widget-container\">\n\t\t\t\t\t\t\t\t\t<div class=\"elementor-button-wrapper\">\n\t\t\t\t\t<a class=\"elementor-button elementor-button-link elementor-size-sm\" href=\"https:\/\/www.facebook.com\/groups\/449038637299513\/\" target=\"_blank\">\n\t\t\t\t\t\t<span class=\"elementor-button-content-wrapper\">\n\t\t\t\t\t\t\t\t\t<span class=\"elementor-button-text\">JOIN HERE<\/span>\n\t\t\t\t\t<\/span>\n\t\t\t\t\t<\/a>\n\t\t\t\t<\/div>\n\t\t\t\t\t\t\t\t<\/div>\n\t\t\t\t<\/div>\n\t\t\t\t<div class=\"elementor-element elementor-element-a19ac63 elementor-view-default elementor-widget elementor-widget-icon\" data-id=\"a19ac63\" data-element_type=\"widget\" data-widget_type=\"icon.default\">\n\t\t\t\t<div class=\"elementor-widget-container\">\n\t\t\t\t\t\t\t<div class=\"elementor-icon-wrapper\">\n\t\t\t<a class=\"elementor-icon elementor-animation-grow\" href=\"#3\">\n\t\t\t<i aria-hidden=\"true\" class=\"fas fa-angle-down\"><\/i>\t\t\t<\/a>\n\t\t<\/div>\n\t\t\t\t\t\t<\/div>\n\t\t\t\t<\/div>\n\t\t\t\t\t<\/div>\n\t\t\t\t<\/div>\n\t\t\t\t<\/div>\n\t\t<div class=\"elementor-element elementor-element-6e7a106 e-con-full e-flex e-con e-child\" data-id=\"6e7a106\" data-element_type=\"container\" data-settings=\"{&quot;background_background&quot;:&quot;classic&quot;}\">\n\t\t\t\t<div class=\"elementor-element elementor-element-8afd765 elementor-widget elementor-widget-image\" data-id=\"8afd765\" data-element_type=\"widget\" data-widget_type=\"image.default\">\n\t\t\t\t<div class=\"elementor-widget-container\">\n\t\t\t\t\t\t\t\t\t\t\t\t\t\t\t<img decoding=\"async\" width=\"2194\" height=\"2560\" src=\"https:\/\/aoperformance.se\/wp-content\/uploads\/2023\/01\/2-1-1-scaled.webp\" class=\"attachment-full size-full wp-image-15735\" alt=\"\" srcset=\"https:\/\/aoperformance.se\/wp-content\/uploads\/2023\/01\/2-1-1-scaled.webp 2194w, https:\/\/aoperformance.se\/wp-content\/uploads\/2023\/01\/2-1-1-257x300.webp 257w, https:\/\/aoperformance.se\/wp-content\/uploads\/2023\/01\/2-1-1-878x1024.webp 878w, https:\/\/aoperformance.se\/wp-content\/uploads\/2023\/01\/2-1-1-768x896.webp 768w, https:\/\/aoperformance.se\/wp-content\/uploads\/2023\/01\/2-1-1-1317x1536.webp 1317w, https:\/\/aoperformance.se\/wp-content\/uploads\/2023\/01\/2-1-1-1755x2048.webp 1755w, https:\/\/aoperformance.se\/wp-content\/uploads\/2023\/01\/2-1-1-680x793.webp 680w, https:\/\/aoperformance.se\/wp-content\/uploads\/2023\/01\/2-1-1-64x75.webp 64w\" sizes=\"(max-width: 2194px) 100vw, 2194px\" \/>\t\t\t\t\t\t\t\t\t\t\t\t\t\t\t<\/div>\n\t\t\t\t<\/div>\n\t\t\t\t<\/div>\n\t\t\t\t\t<\/div>\n\t\t\t\t<\/div>\n\t\t\t\t<\/div>","protected":false},"excerpt":{"rendered":"<p>G\u00e5 med AO performance Tillsammans \u00e4r vi starkast, d\u00e4rf\u00f6r har vi p\u00e5 AO skapat Facebook-grupper f\u00f6r att DU ska n\u00e5 din fulla potential. Vem du \u00e4n \u00e4r, vart du \u00e4n \u00e4r ska du kunna hitta inspiration &amp; motivation till att fullf\u00f6lja l\u00f6ftet till dig sj\u00e4lv. H\u00e4r beh\u00f6ver du inte v\u00e4nta tills du \u00e4r redo, tillsammans [&hellip;]<\/p>","protected":false},"author":6,"featured_media":0,"parent":0,"menu_order":0,"comment_status":"closed","ping_status":"closed","template":"","meta":{"_acf_changed":false,"footnotes":""},"class_list":["post-15661","page","type-page","status-publish","hentry"],"acf":[],"_links":{"self":[{"href":"https:\/\/aoperformance.se\/en\/wp-json\/wp\/v2\/pages\/15661","targetHints":{"allow":["GET"]}}],"collection":[{"href":"https:\/\/aoperformance.se\/en\/wp-json\/wp\/v2\/pages"}],"about":[{"href":"https:\/\/aoperformance.se\/en\/wp-json\/wp\/v2\/types\/page"}],"author":[{"embeddable":true,"href":"https:\/\/aoperformance.se\/en\/wp-json\/wp\/v2\/users\/6"}],"replies":[{"embeddable":true,"href":"https:\/\/aoperformance.se\/en\/wp-json\/wp\/v2\/comments?post=15661"}],"version-history":[{"count":17,"href":"https:\/\/aoperformance.se\/en\/wp-json\/wp\/v2\/pages\/15661\/revisions"}],"predecessor-version":[{"id":20942,"href":"https:\/\/aoperformance.se\/en\/wp-json\/wp\/v2\/pages\/15661\/revisions\/20942"}],"wp:attachment":[{"href":"https:\/\/aoperformance.se\/en\/wp-json\/wp\/v2\/media?parent=15661"}],"curies":[{"name":"wp","href":"https:\/\/api.w.org\/{rel}","templated":true}]}}